{"id":36,"date":"2016-03-12T14:25:03","date_gmt":"2016-03-12T13:25:03","guid":{"rendered":"http:\/\/aharntha.cyon.link\/athai\/?page_id=36"},"modified":"2017-03-04T13:38:55","modified_gmt":"2017-03-04T12:38:55","slug":"fruehlingsrollen","status":"publish","type":"page","link":"https:\/\/www.aharnthai.ch\/?page_id=36","title":{"rendered":"Fr\u00fchlingsrollen"},"content":{"rendered":"<p>[et_pb_section admin_label=&#8220;section&#8220; fullwidth=&#8220;on&#8220; specialty=&#8220;off&#8220; background_color=&#8220;#2ea3f2&#8243; inner_shadow=&#8220;off&#8220; parallax=&#8220;off&#8220;][et_pb_fullwidth_image admin_label=&#8220;Volle Breite des Bildes&#8220; src=&#8220;https:\/\/www.aharnthai.ch\/wp-content\/uploads\/2016\/04\/header.png&#8220; show_in_lightbox=&#8220;off&#8220; url_new_window=&#8220;off&#8220; use_overlay=&#8220;on&#8220; animation=&#8220;off&#8220; use_border_color=&#8220;off&#8220; border_color=&#8220;#ffffff&#8220; border_style=&#8220;solid&#8220; saved_tabs=&#8220;all&#8220;] [\/et_pb_fullwidth_image][\/et_pb_section][et_pb_section admin_label=&#8220;section&#8220; fullwidth=&#8220;off&#8220; specialty=&#8220;on&#8220;][et_pb_column type=&#8220;1_4&#8243;][et_pb_sidebar admin_label=&#8220;Sidebar&#8220; orientation=&#8220;left&#8220; background_layout=&#8220;light&#8220;] [\/et_pb_sidebar][\/et_pb_column][et_pb_column type=&#8220;3_4&#8243; specialty_columns=&#8220;3&#8243;][et_pb_row_inner admin_label=&#8220;row_inner&#8220;][et_pb_column_inner type=&#8220;4_4&#8243; saved_specialty_column_type=&#8220;3_4&#8243;][et_pb_text admin_label=&#8220;Text&#8220; background_layout=&#8220;light&#8220; text_orientation=&#8220;left&#8220; use_border_color=&#8220;off&#8220; border_color=&#8220;#ffffff&#8220; border_style=&#8220;solid&#8220;]<\/p>\n<h1>Fr\u00fchlingsrollen<\/h1>\n<p>&nbsp;<\/p>\n<p>Ich verkaufe frisch gemachte Fr\u00fchlingsrollen (vegetarisch oder mit Poulet).<\/p>\n<p>Sie k\u00f6nnen w\u00e4hlen, ob sie frisch fritierte Fr\u00fchlingsrollen w\u00fcnschen oder ob sie die Fr\u00fchlingsrollen selber fritieren wollen.<\/p>\n<p>Sie k\u00f6nnen die Fr\u00fchlingsrollen auch einfrieren und bei Bedarf verbrauchen.<\/p>\n<p>Die Fr\u00fchlingsrollen m\u00fcssen 3-5 Tage im Voraus bestellt werden !<\/p>\n<p>[\/et_pb_text][\/et_pb_column_inner][\/et_pb_row_inner][\/et_pb_column][\/et_pb_section]<\/p>\n","protected":false},"excerpt":{"rendered":"<p>[et_pb_section admin_label=&#8220;section&#8220; fullwidth=&#8220;on&#8220; specialty=&#8220;off&#8220; background_color=&#8220;#2ea3f2&#8243; inner_shadow=&#8220;off&#8220; parallax=&#8220;off&#8220;][et_pb_fullwidth_image admin_label=&#8220;Volle Breite des Bildes&#8220; src=&#8220;https:\/\/www.aharnthai.ch\/wp-content\/uploads\/2016\/04\/header.png&#8220; show_in_lightbox=&#8220;off&#8220; url_new_window=&#8220;off&#8220; use_overlay=&#8220;on&#8220; animation=&#8220;off&#8220; use_border_color=&#8220;off&#8220; border_color=&#8220;#ffffff&#8220; border_style=&#8220;solid&#8220; saved_tabs=&#8220;all&#8220;] [\/et_pb_fullwidth_image][\/et_pb_section][et_pb_section admin_label=&#8220;section&#8220; fullwidth=&#8220;off&#8220; specialty=&#8220;on&#8220;][et_pb_column type=&#8220;1_4&#8243;][et_pb_sidebar admin_label=&#8220;Sidebar&#8220; orientation=&#8220;left&#8220; background_layout=&#8220;light&#8220;] [\/et_pb_sidebar][\/et_pb_column][et_pb_column type=&#8220;3_4&#8243; specialty_columns=&#8220;3&#8243;][et_pb_row_inner admin_label=&#8220;row_inner&#8220;][et_pb_column_inner type=&#8220;4_4&#8243; saved_specialty_column_type=&#8220;3_4&#8243;][et_pb_text admin_label=&#8220;Text&#8220; background_layout=&#8220;light&#8220; text_orientation=&#8220;left&#8220; use_border_color=&#8220;off&#8220; border_color=&#8220;#ffffff&#8220; border_style=&#8220;solid&#8220;] Fr\u00fchlingsrollen &nbsp; Ich verkaufe frisch gemachte Fr\u00fchlingsrollen (vegetarisch oder mit Poulet). Sie k\u00f6nnen w\u00e4hlen, ob [&hellip;]<\/p>\n","protected":false},"author":1,"featured_media":0,"parent":19,"menu_order":2,"comment_status":"closed","ping_status":"closed","template":"","meta":{"_et_pb_use_builder":"on","_et_pb_old_content":"<p>Ich verkaufe frisch gemachte Fr\u00fchlingsrollen (vegetarisch oder mit Poulet).<\/p><p>Sie k\u00f6nnen w\u00e4hlen, ob sie frisch fritierte Fr\u00fchlingsrollen w\u00fcnschen oder ob sie die Fr\u00fchlingsrollen selber fritieren wollen.<\/p><p>Sie k\u00f6nnen die Fr\u00fchlingsrollen auch einfrieren und bei Bedarf verbrauchen.<\/p><p>Die Fr\u00fchlingsrollen m\u00fcssen 3-5 Tage im Voraus bestellt werden !<\/p>","_et_gb_content_width":"","footnotes":""},"_links":{"self":[{"href":"https:\/\/www.aharnthai.ch\/index.php?rest_route=\/wp\/v2\/pages\/36"}],"collection":[{"href":"https:\/\/www.aharnthai.ch\/index.php?rest_route=\/wp\/v2\/pages"}],"about":[{"href":"https:\/\/www.aharnthai.ch\/index.php?rest_route=\/wp\/v2\/types\/page"}],"author":[{"embeddable":true,"href":"https:\/\/www.aharnthai.ch\/index.php?rest_route=\/wp\/v2\/users\/1"}],"replies":[{"embeddable":true,"href":"https:\/\/www.aharnthai.ch\/index.php?rest_route=%2Fwp%2Fv2%2Fcomments&post=36"}],"version-history":[{"count":6,"href":"https:\/\/www.aharnthai.ch\/index.php?rest_route=\/wp\/v2\/pages\/36\/revisions"}],"predecessor-version":[{"id":303,"href":"https:\/\/www.aharnthai.ch\/index.php?rest_route=\/wp\/v2\/pages\/36\/revisions\/303"}],"up":[{"embeddable":true,"href":"https:\/\/www.aharnthai.ch\/index.php?rest_route=\/wp\/v2\/pages\/19"}],"wp:attachment":[{"href":"https:\/\/www.aharnthai.ch\/index.php?rest_route=%2Fwp%2Fv2%2Fmedia&parent=36"}],"curies":[{"name":"wp","href":"https:\/\/api.w.org\/{rel}","templated":true}]}}