{"id":19,"date":"2016-03-09T23:48:01","date_gmt":"2016-03-09T22:48:01","guid":{"rendered":"http:\/\/aharntha.cyon.link\/athai\/?page_id=19"},"modified":"2024-07-25T00:10:57","modified_gmt":"2024-07-24T22:10:57","slug":"gerichte","status":"publish","type":"page","link":"https:\/\/www.aharnthai.ch\/?page_id=19","title":{"rendered":"Angebote"},"content":{"rendered":"<p>[et_pb_section fb_built=&#8220;1&#8243; fullwidth=&#8220;on&#8220; admin_label=&#8220;section&#8220; _builder_version=&#8220;3.22&#8243; background_color=&#8220;#2ea3f2&#8243;][et_pb_fullwidth_image src=&#8220;https:\/\/www.aharnthai.ch\/wp-content\/uploads\/2016\/04\/header.png&#8220; use_overlay=&#8220;on&#8220; admin_label=&#8220;Volle Breite des Bildes&#8220; _builder_version=&#8220;3.0.87&#8243; use_border_color=&#8220;off&#8220; border_color=&#8220;#ffffff&#8220; border_style=&#8220;solid&#8220; animation=&#8220;off&#8220; saved_tabs=&#8220;all&#8220;] [\/et_pb_fullwidth_image][\/et_pb_section][et_pb_section fb_built=&#8220;1&#8243; specialty=&#8220;on&#8220; admin_label=&#8220;section&#8220; _builder_version=&#8220;3.22&#8243;][et_pb_column type=&#8220;1_4&#8243; _builder_version=&#8220;3.25&#8243; custom_padding=&#8220;|||&#8220; custom_padding__hover=&#8220;|||&#8220;][et_pb_sidebar admin_label=&#8220;Sidebar&#8220; _builder_version=&#8220;3.0.74&#8243;] [\/et_pb_sidebar][\/et_pb_column][et_pb_column type=&#8220;3_4&#8243; specialty_columns=&#8220;3&#8243; _builder_version=&#8220;3.25&#8243; custom_padding=&#8220;|||&#8220; custom_padding__hover=&#8220;|||&#8220;][et_pb_row_inner admin_label=&#8220;row_inner&#8220; _builder_version=&#8220;3.25&#8243;][et_pb_column_inner saved_specialty_column_type=&#8220;3_4&#8243; _builder_version=&#8220;3.25&#8243; custom_padding=&#8220;|||&#8220; custom_padding__hover=&#8220;|||&#8220;][et_pb_text admin_label=&#8220;Text&#8220; _builder_version=&#8220;3.27.4&#8243; background_size=&#8220;initial&#8220; background_position=&#8220;top_left&#8220; background_repeat=&#8220;repeat&#8220; use_border_color=&#8220;off&#8220; border_color=&#8220;#ffffff&#8220; border_style=&#8220;solid&#8220;]<\/p>\n<div id=\"wrapper2\" wfd-id=\"88\">\n<div id=\"main\" wfd-id=\"89\">\n<div class=\"item-page\" wfd-id=\"90\">\n<h1>Angebote<\/h1>\n<p>&nbsp;<\/p>\n<p>Hier einige <strong>Ap\u00e8ro und Menuvorschl\u00e4ge<\/strong>. Andere Kombinationen sind auch erh\u00e4ltlich.<\/p>\n<p>Alle Menus finden sie unter <a href=\"http:\/\/www.aharnthai.ch\/?page_id=137\">Gerichte<\/a>.<\/p>\n<p>Wir stellen ihr gew\u00fcnschtes Menu nach ihrem Wunsch zusammen.<\/p>\n<p><strong>Vorschlag 1:<\/strong><strong> 2 Vorspeisen, 1 Suppe, 3 Hauptgerichte:<\/strong><\/p>\n<p><strong>Preis pro Person: CHF. 47.-<br \/> <\/strong><\/p>\n<p>Fr\u00fchlingsrollen und panierte Cerevetten<br \/> Pouletsuppe mit Kokosmilch und Pilzen<br \/> Rotes Currymit Ente<br \/> Rindfleisch mit Oyster Sauce und Gem\u00fcse<br \/> Sat\u00e9-Spiesschen (Schweinefleisch) mit Erdnusssauce<\/p>\n<p>dazu Jasmin-Reis und gebratene Nudeln<\/p>\n<p><strong>Vorschlag 2:<\/strong><strong> 2 Vorspeisen, 1 Suppe, 2 Hauptgerichte:<\/strong><\/p>\n<p><strong>Preis pro Person: CHF 44.-<br \/> <\/strong><\/p>\n<p>Fr\u00fchlingsrollen und Teigtaschen<br \/> Pikante Crevettensuppe mit Champignons<br \/> Gebratene Pouletbrust mit Cashewn\u00fcssen<br \/> Rotes Curry mit Rindfleisch<\/p>\n<p>dazu Jasmin-Reis und gebratene Nudeln<\/p>\n<p><strong>Vorschlag 3:<\/strong><strong> 2 Vorspeise, 2 Hauptgerichte:<\/strong><\/p>\n<p><strong>Preis pro Person: CHF 39.-<br \/> <\/strong><\/p>\n<p>Fr\u00fchlingsrollen und Teigtaschen<br \/> Gr\u00fcner Curry mit Crevetten<br \/> S\u00fcss-Sauer mit Schweinefleisch<\/p>\n<p>dazu Jasmin-Reis und gebratene Nudeln<\/p>\n<p><strong>Lassen sie sich von mir beraten !<\/strong><\/p>\n<p><strong><\/strong><\/p>\n<p><strong><\/strong><\/p>\n<p><strong><\/strong><\/p>\n<p>Letzte Preis\u00e4nderung: 24.05.2022<\/p>\n<\/div>\n<\/div>\n<\/div>\n<p>[\/et_pb_text][\/et_pb_column_inner][\/et_pb_row_inner][\/et_pb_column][\/et_pb_section]<\/p>\n","protected":false},"excerpt":{"rendered":"<p>[et_pb_section fb_built=&#8220;1&#8243; fullwidth=&#8220;on&#8220; admin_label=&#8220;section&#8220; _builder_version=&#8220;3.22&#8243; background_color=&#8220;#2ea3f2&#8243;][et_pb_fullwidth_image src=&#8220;https:\/\/www.aharnthai.ch\/wp-content\/uploads\/2016\/04\/header.png&#8220; use_overlay=&#8220;on&#8220; admin_label=&#8220;Volle Breite des Bildes&#8220; _builder_version=&#8220;3.0.87&#8243; use_border_color=&#8220;off&#8220; border_color=&#8220;#ffffff&#8220; border_style=&#8220;solid&#8220; animation=&#8220;off&#8220; saved_tabs=&#8220;all&#8220;] [\/et_pb_fullwidth_image][\/et_pb_section][et_pb_section fb_built=&#8220;1&#8243; specialty=&#8220;on&#8220; admin_label=&#8220;section&#8220; _builder_version=&#8220;3.22&#8243;][et_pb_column type=&#8220;1_4&#8243; _builder_version=&#8220;3.25&#8243; custom_padding=&#8220;|||&#8220; custom_padding__hover=&#8220;|||&#8220;][et_pb_sidebar admin_label=&#8220;Sidebar&#8220; _builder_version=&#8220;3.0.74&#8243;] [\/et_pb_sidebar][\/et_pb_column][et_pb_column type=&#8220;3_4&#8243; specialty_columns=&#8220;3&#8243; _builder_version=&#8220;3.25&#8243; custom_padding=&#8220;|||&#8220; custom_padding__hover=&#8220;|||&#8220;][et_pb_row_inner admin_label=&#8220;row_inner&#8220; _builder_version=&#8220;3.25&#8243;][et_pb_column_inner saved_specialty_column_type=&#8220;3_4&#8243; _builder_version=&#8220;3.25&#8243; custom_padding=&#8220;|||&#8220; custom_padding__hover=&#8220;|||&#8220;][et_pb_text admin_label=&#8220;Text&#8220; _builder_version=&#8220;3.27.4&#8243; background_size=&#8220;initial&#8220; background_position=&#8220;top_left&#8220; background_repeat=&#8220;repeat&#8220; use_border_color=&#8220;off&#8220; border_color=&#8220;#ffffff&#8220; border_style=&#8220;solid&#8220;] Angebote &nbsp; Hier einige Ap\u00e8ro und [&hellip;]<\/p>\n","protected":false},"author":1,"featured_media":0,"parent":0,"menu_order":0,"comment_status":"closed","ping_status":"closed","template":"","meta":{"_et_pb_use_builder":"on","_et_pb_old_content":"Hier einige Ap\u00e8ro und Menuvorschl\u00e4ge. Andere Kombinationen sind auch erh\u00e4ltlich.\r\n\r\nAlle Menus finden sie unter Gerichte.\r\n\r\nWir stellen ihr gew\u00fcnschtes Menu nach ihrem Wunsch zusammen.\r\n\r\n\r\nVorschlag 1: 2 Vorspeisen, 1 Suppe, 3 Hauptgerichte:\r\n\r\nPreis pro Person: CHF. 42.-\r\n\r\nFr\u00fchlingsrollen und panierte Cerevetten\r\nPouletsuppe mit Kokosmilch und Pilzen\r\nRotes Currymit Ente\r\nRindfleisch mit Oyster Sauce und Gem\u00fcse\r\nSat\u00e9-Spiesschen (Schweinefleisch) mit Erdnusssauce\r\n\r\ndazu Jasmin-Reis und gebratene Nudeln\r\n\r\n\r\nVorschlag 2: 2 Vorspeisen, 1 Suppe, 2 Hauptgerichte:\r\n\r\nPreis pro Person: CHF 39.-\r\n\r\nFr\u00fchlingsrollen und Teigtaschen\r\nPikante Crevettensuppe mit Champignons\r\nGebratene Pouletbrust mit Cashewn\u00fcssen\r\nRotes Curry mit Rindfleisch\r\n\r\ndazu Jasmin-Reis und gebratene Nudeln\r\n\r\n \r\n\r\nVorschlag 3: 1 Vorspeise, 1 Suppe, 2 Hauptgerichte:\r\n\r\nPreis pro Person: CHF 36.-\r\n\r\nFr\u00fchlingsrollen\r\nGlasnudelsuppe mit Hackfleisch (Schweinefleisch) und Gem\u00fcse\r\nGr\u00fcner Curry mit Crevetten\r\nS\u00fcss-Sauer mit Schweinefleisch\r\n\r\ndazu Jasmin-Reis und gebratene Nudeln\r\n\r\n\r\nLassen sie sich von mir beraten !\r\n\r\n\r\n\r\nDie Preise gelten ab 1.2.2014.\r\nWir mussten die Preise nach 3 Jahren erstmals erh\u00f6hen.","_et_gb_content_width":"","footnotes":""},"_links":{"self":[{"href":"https:\/\/www.aharnthai.ch\/index.php?rest_route=\/wp\/v2\/pages\/19"}],"collection":[{"href":"https:\/\/www.aharnthai.ch\/index.php?rest_route=\/wp\/v2\/pages"}],"about":[{"href":"https:\/\/www.aharnthai.ch\/index.php?rest_route=\/wp\/v2\/types\/page"}],"author":[{"embeddable":true,"href":"https:\/\/www.aharnthai.ch\/index.php?rest_route=\/wp\/v2\/users\/1"}],"replies":[{"embeddable":true,"href":"https:\/\/www.aharnthai.ch\/index.php?rest_route=%2Fwp%2Fv2%2Fcomments&post=19"}],"version-history":[{"count":18,"href":"https:\/\/www.aharnthai.ch\/index.php?rest_route=\/wp\/v2\/pages\/19\/revisions"}],"predecessor-version":[{"id":394,"href":"https:\/\/www.aharnthai.ch\/index.php?rest_route=\/wp\/v2\/pages\/19\/revisions\/394"}],"wp:attachment":[{"href":"https:\/\/www.aharnthai.ch\/index.php?rest_route=%2Fwp%2Fv2%2Fmedia&parent=19"}],"curies":[{"name":"wp","href":"https:\/\/api.w.org\/{rel}","templated":true}]}}